{"id":192,"date":"2018-07-31T20:41:00","date_gmt":"2018-07-31T20:41:00","guid":{"rendered":"http:\/\/ntba.logalt.net\/?page_id=192"},"modified":"2018-11-04T20:01:34","modified_gmt":"2018-11-04T20:01:34","slug":"resources","status":"publish","type":"page","link":"https:\/\/transbar.org\/es\/resources\/","title":{"rendered":"Mapa de recursos"},"content":{"rendered":"<div  data-label=\"Content\" data-id=\"content--1\" data-export-id=\"content-7\" data-category=\"content\" class=\"content-7 content-section content-section-spacing\" id=\"content-1\" style=\"background-color: #ffffff;\">\n<div  class=\"gridContainer\">\n<div  class=\"row middle-sm\">\n<div  class=\"col-sm-6 space-bottom-xs\" data-type=\"column\">\n<h2  class=\"\"><span  style=\"font-family: 'times new roman', times, serif; font-weight: 600;\">RECURSOS POR ESTADO<\/span><\/h2>\n<p  class=\"\" style=\"text-align: left;\"><span  style=\"font-family: Muli, arial, helvetica, sans-serif;\">Ayudar a poner en contacto a las personas transg\u00e9nero y no conformes con el g\u00e9nero con informaci\u00f3n y representaci\u00f3n legal de alta calidad es parte de la misi\u00f3n principal de la NTBA.&nbsp;\n<br ><br >Actualmente estamos actualizando el directorio de abogados. Por favor, vis\u00edtenos de nuevo en los pr\u00f3ximos meses para ver los listados.\n<br ><br >Si conoce recursos que deber\u00edan incluirse en el directorio, p\u00f3ngase en contacto con nosotros.<\/span><\/p>\n<a  class=\"button color1 dark-text round outline\" href=\"http:\/\/transbar.org\/es\/contact\/\" target=\"_self\" data-cp-link=\"1\" data-icon=\"\">Contacto<\/a><\/div>\n<div  class=\"col-sm-6\" data-type=\"column\"><img decoding=\"async\"  class=\"shadow-large\" src=\"http:\/\/transbar.org\/wp-content\/uploads\/2018\/08\/cropped-resource-map-e1533097614737-1.png\" alt=\"\" title=\"cropped-resource-map-e1533097614737-1.png\"><\/div>\n<\/div>\n<\/div>\n<\/div>","protected":false},"excerpt":{"rendered":"<p>RESOURCES BY STATE Helping to connect transgender and gender non-conforming people with high quality legal information and representation is part of NTBA\u2019s core mission.&nbsp; We are currently in the process&hellip; <br \/> <a class=\"read-more\" href=\"https:\/\/transbar.org\/es\/resources\/\">Leer m\u00e1s<\/a><\/p>","protected":false},"author":1,"featured_media":0,"parent":0,"menu_order":0,"comment_status":"closed","ping_status":"closed","template":"pro\/page-templates\/full-width-page.php","meta":{"_bbp_topic_count":0,"_bbp_reply_count":0,"_bbp_total_topic_count":0,"_bbp_total_reply_count":0,"_bbp_voice_count":0,"_bbp_anonymous_reply_count":0,"_bbp_topic_count_hidden":0,"_bbp_reply_count_hidden":0,"_bbp_forum_subforum_count":0,"_monsterinsights_skip_tracking":false,"_monsterinsights_sitenote_active":false,"_monsterinsights_sitenote_note":"","_monsterinsights_sitenote_category":0,"_price":"","_stock":"","_tribe_ticket_header":"","_tribe_default_ticket_provider":"","_tribe_ticket_capacity":"0","_ticket_start_date":"","_ticket_end_date":"","_tribe_ticket_show_description":"","_tribe_ticket_show_not_going":false,"_tribe_ticket_use_global_stock":"","_tribe_ticket_global_stock_level":"","_global_stock_mode":"","_global_stock_cap":"","_tribe_rsvp_for_event":"","_tribe_ticket_going_count":"","_tribe_ticket_not_going_count":"","_tribe_tickets_list":"[]","_tribe_ticket_has_attendee_info_fields":false,"footnotes":"","_tec_slr_enabled":"","_tec_slr_layout":""},"class_list":["post-192","page","type-page","status-publish","hentry"],"aioseo_notices":[],"ticketed":false,"_links":{"self":[{"href":"https:\/\/transbar.org\/es\/wp-json\/wp\/v2\/pages\/192","targetHints":{"allow":["GET"]}}],"collection":[{"href":"https:\/\/transbar.org\/es\/wp-json\/wp\/v2\/pages"}],"about":[{"href":"https:\/\/transbar.org\/es\/wp-json\/wp\/v2\/types\/page"}],"author":[{"embeddable":true,"href":"https:\/\/transbar.org\/es\/wp-json\/wp\/v2\/users\/1"}],"replies":[{"embeddable":true,"href":"https:\/\/transbar.org\/es\/wp-json\/wp\/v2\/comments?post=192"}],"version-history":[{"count":14,"href":"https:\/\/transbar.org\/es\/wp-json\/wp\/v2\/pages\/192\/revisions"}],"predecessor-version":[{"id":660,"href":"https:\/\/transbar.org\/es\/wp-json\/wp\/v2\/pages\/192\/revisions\/660"}],"wp:attachment":[{"href":"https:\/\/transbar.org\/es\/wp-json\/wp\/v2\/media?parent=192"}],"curies":[{"name":"wp","href":"https:\/\/api.w.org\/{rel}","templated":true}]}}